{"id":779,"date":"2024-04-01T16:21:47","date_gmt":"2024-04-01T16:21:47","guid":{"rendered":"https:\/\/kosmetikpraxislueneburg.de\/?page_id=779"},"modified":"2024-04-15T15:23:51","modified_gmt":"2024-04-15T15:23:51","slug":"impressum","status":"publish","type":"page","link":"https:\/\/kosmetikpraxis-rinteln.de\/index.php\/impressum\/","title":{"rendered":"Impressum"},"content":{"rendered":"<p>[et_pb_section fb_built=&#8221;1&#8243; fullwidth=&#8221;on&#8221; _builder_version=&#8221;4.21.0&#8243; _module_preset=&#8221;default&#8221; background_color=&#8221;rgba(214,214,214,0.56)&#8221; global_colors_info=&#8221;{}&#8221;][et_pb_fullwidth_slider _builder_version=&#8221;4.21.0&#8243; _module_preset=&#8221;default&#8221; background_color=&#8221;#E09900&#8243; custom_padding=&#8221;115px||115px||true|&#8221; global_colors_info=&#8221;{}&#8221;][et_pb_slide heading=&#8221;IMPRESSUM&#8221; use_text_overlay=&#8221;on&#8221; text_overlay_color=&#8221;rgba(247,247,248,0.8)&#8221; _builder_version=&#8221;4.21.0&#8243; _module_preset=&#8221;default&#8221; header_font=&#8221;Lato|700||on|||||&#8221; header_text_color=&#8221;#000000&#8243; header_font_size=&#8221;34px&#8221; header_letter_spacing=&#8221;2px&#8221; header_line_height=&#8221;1.2em&#8221; background_color=&#8221;#efbb00&#8243; background_enable_color=&#8221;on&#8221; background_image=&#8221;https:\/\/kosmetikpraxis-rinteln.de\/wp-content\/uploads\/2023\/07\/beauty-salon-6-vf-4.jpg&#8221; background_enable_image=&#8221;on&#8221; background_position=&#8221;bottom_left&#8221; header_font_size_tablet=&#8221;34px&#8221; header_font_size_phone=&#8221;22px&#8221; header_font_size_last_edited=&#8221;on|phone&#8221; global_colors_info=&#8221;{}&#8221; sticky_transition=&#8221;on&#8221;][\/et_pb_slide][\/et_pb_fullwidth_slider][\/et_pb_section][et_pb_section fb_built=&#8221;1&#8243; admin_label=&#8221;Contact&#8221; _builder_version=&#8221;4.16&#8243; custom_padding=&#8221;27px||22px|||&#8221; locked=&#8221;off&#8221; global_colors_info=&#8221;{}&#8221;][et_pb_row custom_padding_last_edited=&#8221;on|desktop&#8221; _builder_version=&#8221;4.21.0&#8243; custom_margin=&#8221;-6px|auto|-6px|auto|true|&#8221; custom_padding=&#8221;0px||||false|false&#8221; custom_padding_tablet=&#8221;41px||||false|false&#8221; custom_padding_phone=&#8221;25px||||false|false&#8221; global_colors_info=&#8221;{}&#8221;][et_pb_column type=&#8221;4_4&#8243; _builder_version=&#8221;4.21.0&#8243; custom_padding=&#8221;31px||||false|false&#8221; custom_padding_tablet=&#8221;31px||||false|false&#8221; custom_padding_phone=&#8221;31px||||false|false&#8221; custom_padding_last_edited=&#8221;on|phone&#8221; global_colors_info=&#8221;{}&#8221;][et_pb_text _builder_version=&#8221;4.22.0&#8243; _module_preset=&#8221;default&#8221; text_font_size=&#8221;18px&#8221; global_colors_info=&#8221;{}&#8221;]<\/p>\n<p style=\"text-align: center;\"><strong><span style=\"color: #666666;\">Kosmetik Praxis Rinteln\u00a0<br \/>by Cosmeda Cosmetics<\/span><\/strong><\/p>\n<p style=\"text-align: center;\">Cosmeda Akademie GmbH &amp; Co. KG<br \/>Susanne Engel-L\u00f6nser<br \/>Seetorstr. 2,<br \/>31737 Rinteln<\/p>\n<p style=\"text-align: center;\">Verantwortliche:<br \/>Cosmeda Akademie GmbH &amp; Co. KG<br \/>Susanne Engel-L\u00f6nser<\/p>\n<p style=\"text-align: center;\">Registereintrag:<\/p>\n<p style=\"text-align: center;\">Registergericht: Amtsgericht Stadthagen<br \/>Registernummer: HRA 200192<\/p>\n<p style=\"text-align: center;\">Kontakt<\/p>\n<p style=\"text-align: center;\">Telefon: +49 172 4466401<\/p>\n<p style=\"text-align: center;\">E-Mail: s.engel@cosmeda-akademie.de<\/p>\n<p style=\"text-align: center;\">USt-IdNr.: DE267518637<\/p>\n<p style=\"text-align: center;\">Die Datenschutzerkl\u00e4rung finden Sie hier.<\/p>\n<p style=\"text-align: center;\">Verantwortlicher gem\u00e4\u00df \u00a7 55 Abs. 2 RStV (V.i.S.d.P.):<\/p>\n<p style=\"text-align: center;\">Susanne Engel-L\u00f6nser<\/p>\n<p style=\"text-align: center;\">ODR-Verordnung \u2013 Plattform der EU zur au\u00dfergerichtlichen Online-Streitbeilegung<\/p>\n<p style=\"text-align: center;\">Die EU-Kommission hat zur Online-Beilegung von Streitigkeiten zwischen Unternehmern und Verbrauchern eine Internetplattform (OS-Plattform) unter http:\/\/ec.europa.eu\/consumers\/odr\/ eingerichtet.<br \/>Wir sind weder verpflichtet noch bereit, an einem Streitbeilegungsverfahren vor einer Verbraucherschlichtungsstelle teilzunehmen.<\/p>\n<p style=\"text-align: center;\">Urheber- und Kennzeichenrecht<\/p>\n<p style=\"text-align: center;\">Die Darstellungen und Inhalte auf den Seiten der URL www.kosmetikpraxis-rinteln.de sind urheberrechtlich gesch\u00fctzt. Unbefugte Vervielf\u00e4ltigung, Bearbeitung, Weiterverwendung oder Darstellung kann ohne die schriftliche Zustimmung des jeweiligen Autors bzw. Erstellers gegen Urheberrechte versto\u00dfen und somit zu strafrechtlichen wie zivilrechtlichen Sanktionen f\u00fchren. Downloads und Kopien dieser Seite sind nur f\u00fcr den privaten, nicht kommerziellen Gebrauch gestattet. Der Nutzung von im Rahmen der Impressumspflicht ver\u00f6ffentlichten Kontaktdaten durch Dritte zur \u00dcbersendung von nicht ausdr\u00fccklich angeforderter Werbung und Informationsmaterialien wird hiermit ausdr\u00fccklich widersprochen. Der Betreiber der Seiten beh\u00e4lt sich ausdr\u00fccklich rechtliche Schritte im Falle der unverlangten Zusendung von Werbeinformationen, etwa durch Spam-Mails, vor. Als Diensteanbieter ist die Cosmeda Akademie in Rinteln gem\u00e4\u00df \u00a7\u00a7 2, 7 I, II TMG f\u00fcr eigene Inhalte auf diesen Seiten nach allgemeinen Gesetzen verantwortlich. Als Diensteanbieter ist die Cosmeda Akademie jedoch nicht verpflichtet, die von Ihnen \u00fcbermittelten oder gespeicherten fremden Informationen zu \u00fcberwachen oder nach Umst\u00e4nden zu forschen, die auf eine rechtswidrige T\u00e4tigkeit hinweisen. Verpflichtungen zur Entfernung oder Sperrung der Nutzung von Informationen nach den allgemeinen Gesetzen bleiben hiervon unber\u00fchrt. Eine diesbez\u00fcgliche Haftung ist jedoch erst ab dem Zeitpunkt der Kenntnis einer konkreten Rechtsverletzung m\u00f6glich. Bei bekannt werden von entsprechenden Rechtsverletzungen werden wir diese Inhalte umgehend entfernen.<\/p>\n<p style=\"text-align: center;\">Rechtswirksamkeit dieses Haftungsausschlusses<\/p>\n<p style=\"text-align: center;\">Dieser Haftungsausschluss ist als Teil des Internetangebotes zu betrachten, von dem aus auf diese Seite verwiesen wurde. Sofern Teile oder einzelne Formulierungen dieses Textes der geltenden Rechtslage nicht, nicht mehr oder nicht vollst\u00e4ndig entsprechen sollten, bleiben die \u00fcbrigen Teile des Dokumentes in ihrem Inhalt und ihrer G\u00fcltigkeit davon unber\u00fchrt.<\/p>\n<p style=\"text-align: center;\">Mit freundlicher Unterst\u00fctzung der Kanzlei Stich : id-law \u2013 Rechtsanwalt Rolf H. Stich<br \/>aus Rinteln f\u00fcr IT- und Medienrecht, Arbeitsrecht, Vertragsrecht und mehr.<\/p>\n<p>[\/et_pb_text][\/et_pb_column][\/et_pb_row][\/et_pb_section][et_pb_section fb_built=&#8221;1&#8243; admin_label=&#8221;Contact&#8221; _builder_version=&#8221;4.16&#8243; custom_padding=&#8221;27px||22px|||&#8221; locked=&#8221;off&#8221; global_colors_info=&#8221;{}&#8221;][et_pb_row column_structure=&#8221;1_2,1_2&#8243; custom_padding_last_edited=&#8221;on|desktop&#8221; _builder_version=&#8221;4.21.0&#8243; custom_margin=&#8221;35px|auto|35px|auto|true|&#8221; custom_padding=&#8221;41px||||false|false&#8221; custom_padding_tablet=&#8221;41px||||false|false&#8221; custom_padding_phone=&#8221;25px||||false|false&#8221; global_colors_info=&#8221;{}&#8221;][et_pb_column type=&#8221;1_2&#8243; _builder_version=&#8221;4.21.0&#8243; custom_padding=&#8221;31px||||false|false&#8221; custom_padding_tablet=&#8221;31px||||false|false&#8221; custom_padding_phone=&#8221;31px||||false|false&#8221; custom_padding_last_edited=&#8221;on|phone&#8221; global_colors_info=&#8221;{}&#8221;][et_pb_blurb title=&#8221;Addresse&#8221; use_icon=&#8221;on&#8221; font_icon=&#8221;&#xe081;||divi||400&#8243; icon_color=&#8221;#000000&#8243; icon_placement=&#8221;left&#8221; image_icon_width=&#8221;33px&#8221; image_icon_width_tablet=&#8221;33px&#8221; image_icon_width_phone=&#8221;32px&#8221; image_icon_width_last_edited=&#8221;on|desktop&#8221; _builder_version=&#8221;4.22.0&#8243; header_font=&#8221;Lato|900|||||||&#8221; header_text_color=&#8221;#000000&#8243; header_font_size=&#8221;21px&#8221; header_letter_spacing=&#8221;2px&#8221; header_line_height=&#8221;1.4em&#8221; body_font=&#8221;Lato||||||||&#8221; body_text_color=&#8221;#000000&#8243; body_font_size=&#8221;18px&#8221; body_letter_spacing=&#8221;1px&#8221; custom_margin=&#8221;||32px||false|false&#8221; animation=&#8221;off&#8221; header_font_size_tablet=&#8221;21px&#8221; header_font_size_phone=&#8221;21px&#8221; header_font_size_last_edited=&#8221;on|desktop&#8221; body_font_size_tablet=&#8221;18px&#8221; body_font_size_phone=&#8221;16px&#8221; body_font_size_last_edited=&#8221;on|phone&#8221; icon_font_size=&#8221;16px&#8221; global_colors_info=&#8221;{}&#8221;]<\/p>\n<p><span style=\"text-decoration: underline;\"><a href=\"https:\/\/maps.app.goo.gl\/WRdKncEm5PhmyDiL9\">Deutsch Evern Weg 58A<\/a><\/span><\/p>\n<p><span style=\"text-decoration: underline;\"><a href=\"https:\/\/maps.app.goo.gl\/WRdKncEm5PhmyDiL9\">21337 L\u00fcneburg , Deutschland<\/a><\/span><\/p>\n<p>[\/et_pb_blurb][et_pb_blurb title=&#8221;Telefon&#8221; use_icon=&#8221;on&#8221; font_icon=&#8221;&#xe090;||divi||400&#8243; icon_color=&#8221;#000000&#8243; icon_placement=&#8221;left&#8221; image_icon_width=&#8221;33px&#8221; image_icon_width_tablet=&#8221;33px&#8221; image_icon_width_phone=&#8221;32px&#8221; image_icon_width_last_edited=&#8221;on|desktop&#8221; _builder_version=&#8221;4.21.0&#8243; header_font=&#8221;Lato|900|||||||&#8221; header_text_color=&#8221;#000000&#8243; header_font_size=&#8221;21px&#8221; header_letter_spacing=&#8221;2px&#8221; header_line_height=&#8221;1.4em&#8221; body_font=&#8221;Lato||||||||&#8221; body_text_color=&#8221;#000000&#8243; body_font_size=&#8221;18px&#8221; body_letter_spacing=&#8221;1px&#8221; custom_margin=&#8221;||32px||false|false&#8221; animation=&#8221;off&#8221; header_font_size_tablet=&#8221;21px&#8221; header_font_size_phone=&#8221;21px&#8221; header_font_size_last_edited=&#8221;on|desktop&#8221; body_font_size_tablet=&#8221;18px&#8221; body_font_size_phone=&#8221;16px&#8221; body_font_size_last_edited=&#8221;on|phone&#8221; icon_font_size=&#8221;16px&#8221; global_colors_info=&#8221;{}&#8221;]<\/p>\n<p><span style=\"text-decoration: underline;\"><a href=\"Tel:%20+491724466401\">+49 1724466401<\/a><\/span><\/p>\n<p>[\/et_pb_blurb][et_pb_blurb title=&#8221;Email&#8221; use_icon=&#8221;on&#8221; font_icon=&#8221;&#xe076;||divi||400&#8243; icon_color=&#8221;#000000&#8243; icon_placement=&#8221;left&#8221; image_icon_width=&#8221;33px&#8221; image_icon_width_tablet=&#8221;33px&#8221; image_icon_width_phone=&#8221;32px&#8221; image_icon_width_last_edited=&#8221;on|desktop&#8221; _builder_version=&#8221;4.22.0&#8243; header_font=&#8221;Lato|900|||||||&#8221; header_text_color=&#8221;#000000&#8243; header_font_size=&#8221;21px&#8221; header_letter_spacing=&#8221;2px&#8221; header_line_height=&#8221;1.4em&#8221; body_font=&#8221;Lato||||||||&#8221; body_text_color=&#8221;#000000&#8243; body_font_size=&#8221;18px&#8221; body_letter_spacing=&#8221;1px&#8221; custom_margin=&#8221;||32px||false|false&#8221; animation=&#8221;off&#8221; header_font_size_tablet=&#8221;21px&#8221; header_font_size_phone=&#8221;21px&#8221; header_font_size_last_edited=&#8221;on|desktop&#8221; body_font_size_tablet=&#8221;18px&#8221; body_font_size_phone=&#8221;16px&#8221; body_font_size_last_edited=&#8221;on|phone&#8221; icon_font_size=&#8221;16px&#8221; global_colors_info=&#8221;{}&#8221;]<\/p>\n<p><span style=\"text-decoration: underline;\"><a href=\"mailto:info@kosmetikpraxislueneburg.de\">info@kosmetikpraxislueneburg.de<\/a><\/span><\/p>\n<p>[\/et_pb_blurb][\/et_pb_column][et_pb_column type=&#8221;1_2&#8243; _builder_version=&#8221;4.16&#8243; global_colors_info=&#8221;{}&#8221;][et_pb_contact_form captcha=&#8221;off&#8221; email=&#8221;info@kosmetikpraxis-rinteln.de, info@cosmeda-akademie.de&#8221; success_message=&#8221;Nachricht wurde erfolgreich gesendet&#8221; submit_button_text=&#8221;Senden&#8221; module_id=&#8221;et_pb_contact_form_1&#8243; _builder_version=&#8221;4.22.0&#8243; form_field_background_color=&#8221;#FFFFFF&#8221; form_field_text_color=&#8221;#000000&#8243; form_field_font=&#8221;Lato|700|||||||&#8221; form_field_letter_spacing=&#8221;1px&#8221; form_field_line_height=&#8221;1.8em&#8221; custom_button=&#8221;on&#8221; button_text_size=&#8221;14px&#8221; button_text_color=&#8221;#FFFFFF&#8221; button_bg_color=&#8221;#292929&#8243; button_border_color=&#8221;#292929&#8243; button_border_radius=&#8221;0px&#8221; button_letter_spacing=&#8221;4px&#8221; button_font=&#8221;Lato|900||on|||||&#8221; button_icon=&#8221;&#x35;||divi||400&#8243; button_icon_color=&#8221;#2a2a2a&#8221; button_custom_margin=&#8221;10px||||false|false&#8221; button_custom_padding=&#8221;15px|40px|15px|40px|true|true&#8221; max_width=&#8221;550px&#8221; module_alignment=&#8221;center&#8221; border_width_all=&#8221;1px&#8221; border_color_all=&#8221;#dfdfdf&#8221; locked=&#8221;off&#8221; global_colors_info=&#8221;{}&#8221;][et_pb_contact_field field_id=&#8221;Name&#8221; field_title=&#8221;Name&#8221; fullwidth_field=&#8221;on&#8221; _builder_version=&#8221;4.16&#8243; global_colors_info=&#8221;{}&#8221; button_text_size__hover_enabled=&#8221;off&#8221; button_one_text_size__hover_enabled=&#8221;off&#8221; button_two_text_size__hover_enabled=&#8221;off&#8221; button_text_color__hover_enabled=&#8221;off&#8221; button_one_text_color__hover_enabled=&#8221;off&#8221; button_two_text_color__hover_enabled=&#8221;off&#8221; button_border_width__hover_enabled=&#8221;off&#8221; button_one_border_width__hover_enabled=&#8221;off&#8221; button_two_border_width__hover_enabled=&#8221;off&#8221; button_border_color__hover_enabled=&#8221;off&#8221; button_one_border_color__hover_enabled=&#8221;off&#8221; button_two_border_color__hover_enabled=&#8221;off&#8221; button_border_radius__hover_enabled=&#8221;off&#8221; button_one_border_radius__hover_enabled=&#8221;off&#8221; button_two_border_radius__hover_enabled=&#8221;off&#8221; button_letter_spacing__hover_enabled=&#8221;off&#8221; button_one_letter_spacing__hover_enabled=&#8221;off&#8221; button_two_letter_spacing__hover_enabled=&#8221;off&#8221; button_bg_color__hover_enabled=&#8221;off&#8221; button_one_bg_color__hover_enabled=&#8221;off&#8221; button_two_bg_color__hover_enabled=&#8221;off&#8221;][\/et_pb_contact_field][et_pb_contact_field field_id=&#8221;Email&#8221; field_title=&#8221;E-Mail-Adresse&#8221; field_type=&#8221;email&#8221; fullwidth_field=&#8221;on&#8221; _builder_version=&#8221;4.22.0&#8243; global_colors_info=&#8221;{}&#8221; button_text_size__hover_enabled=&#8221;off&#8221; button_one_text_size__hover_enabled=&#8221;off&#8221; button_two_text_size__hover_enabled=&#8221;off&#8221; button_text_color__hover_enabled=&#8221;off&#8221; button_one_text_color__hover_enabled=&#8221;off&#8221; button_two_text_color__hover_enabled=&#8221;off&#8221; button_border_width__hover_enabled=&#8221;off&#8221; button_one_border_width__hover_enabled=&#8221;off&#8221; button_two_border_width__hover_enabled=&#8221;off&#8221; button_border_color__hover_enabled=&#8221;off&#8221; button_one_border_color__hover_enabled=&#8221;off&#8221; button_two_border_color__hover_enabled=&#8221;off&#8221; button_border_radius__hover_enabled=&#8221;off&#8221; button_one_border_radius__hover_enabled=&#8221;off&#8221; button_two_border_radius__hover_enabled=&#8221;off&#8221; button_letter_spacing__hover_enabled=&#8221;off&#8221; button_one_letter_spacing__hover_enabled=&#8221;off&#8221; button_two_letter_spacing__hover_enabled=&#8221;off&#8221; button_bg_color__hover_enabled=&#8221;off&#8221; button_one_bg_color__hover_enabled=&#8221;off&#8221; button_two_bg_color__hover_enabled=&#8221;off&#8221;][\/et_pb_contact_field][et_pb_contact_field field_id=&#8221;Message&#8221; field_title=&#8221;Ihre Nachricht&#8221; field_type=&#8221;text&#8221; fullwidth_field=&#8221;on&#8221; _builder_version=&#8221;4.22.0&#8243; global_colors_info=&#8221;{}&#8221; button_text_size__hover_enabled=&#8221;off&#8221; button_one_text_size__hover_enabled=&#8221;off&#8221; button_two_text_size__hover_enabled=&#8221;off&#8221; button_text_color__hover_enabled=&#8221;off&#8221; button_one_text_color__hover_enabled=&#8221;off&#8221; button_two_text_color__hover_enabled=&#8221;off&#8221; button_border_width__hover_enabled=&#8221;off&#8221; button_one_border_width__hover_enabled=&#8221;off&#8221; button_two_border_width__hover_enabled=&#8221;off&#8221; button_border_color__hover_enabled=&#8221;off&#8221; button_one_border_color__hover_enabled=&#8221;off&#8221; button_two_border_color__hover_enabled=&#8221;off&#8221; button_border_radius__hover_enabled=&#8221;off&#8221; button_one_border_radius__hover_enabled=&#8221;off&#8221; button_two_border_radius__hover_enabled=&#8221;off&#8221; button_letter_spacing__hover_enabled=&#8221;off&#8221; button_one_letter_spacing__hover_enabled=&#8221;off&#8221; button_two_letter_spacing__hover_enabled=&#8221;off&#8221; button_bg_color__hover_enabled=&#8221;off&#8221; button_one_bg_color__hover_enabled=&#8221;off&#8221; button_two_bg_color__hover_enabled=&#8221;off&#8221;][\/et_pb_contact_field][\/et_pb_contact_form][\/et_pb_column][\/et_pb_row][\/et_pb_section][et_pb_section fb_built=&#8221;1&#8243; fullwidth=&#8221;on&#8221; _builder_version=&#8221;4.21.0&#8243; _module_preset=&#8221;default&#8221; global_colors_info=&#8221;{}&#8221;][et_pb_fullwidth_code _builder_version=&#8221;4.22.0&#8243; _module_preset=&#8221;default&#8221; hover_enabled=&#8221;0&#8243; global_colors_info=&#8221;{}&#8221; sticky_enabled=&#8221;0&#8243;]<\/p>\n<div style=\"width: 100%\"><iframe loading=\"lazy\" width=\"100%\" height=\"600\" frameborder=\"0\" scrolling=\"no\" marginheight=\"0\" marginwidth=\"0\" src=\"https:\/\/www.google.com\/maps\/embed?pb=!1m18!1m12!1m3!1d4892.575844000454!2d9.075397176626613!3d52.18363896107832!2m3!1f0!2f0!3f0!3m2!1i1024!2i768!4f13.1!3m3!1m2!1s0x47ba7b34c13579fb%3A0xcbe3cf6d5b7126f5!2sSeetorstra%C3%9Fe%202%2C%2031737%20Rinteln!5e0!3m2!1sde!2sde!4v1713194111103!5m2!1sde!2sde\"><a href=\"https:\/\/www.gps.ie\/\">gps trackers<\/a><\/iframe><\/div>\n<p>[\/et_pb_fullwidth_code][\/et_pb_section]<\/p>\n","protected":false},"excerpt":{"rendered":"<p>Kosmetik Praxis Rinteln\u00a0by Cosmeda Cosmetics Cosmeda Akademie GmbH &amp; Co. KGSusanne Engel-L\u00f6nserSeetorstr. 2,31737 Rinteln Verantwortliche:Cosmeda Akademie GmbH &amp; Co. KGSusanne Engel-L\u00f6nser Registereintrag: Registergericht: Amtsgericht StadthagenRegisternummer: HRA 200192 Kontakt Telefon: +49 172 4466401 E-Mail: s.engel@cosmeda-akademie.de USt-IdNr.: DE267518637 Die Datenschutzerkl\u00e4rung finden Sie hier. Verantwortlicher gem\u00e4\u00df \u00a7 55 Abs. 2 RStV (V.i.S.d.P.): Susanne Engel-L\u00f6nser ODR-Verordnung \u2013 Plattform der [&hellip;]<\/p>\n","protected":false},"author":3,"featured_media":0,"parent":0,"menu_order":0,"comment_status":"closed","ping_status":"closed","template":"","meta":{"_et_pb_use_builder":"on","_et_pb_old_content":"","_et_gb_content_width":"","footnotes":""},"class_list":["post-779","page","type-page","status-publish","hentry"],"_links":{"self":[{"href":"https:\/\/kosmetikpraxis-rinteln.de\/index.php\/wp-json\/wp\/v2\/pages\/779","targetHints":{"allow":["GET"]}}],"collection":[{"href":"https:\/\/kosmetikpraxis-rinteln.de\/index.php\/wp-json\/wp\/v2\/pages"}],"about":[{"href":"https:\/\/kosmetikpraxis-rinteln.de\/index.php\/wp-json\/wp\/v2\/types\/page"}],"author":[{"embeddable":true,"href":"https:\/\/kosmetikpraxis-rinteln.de\/index.php\/wp-json\/wp\/v2\/users\/3"}],"replies":[{"embeddable":true,"href":"https:\/\/kosmetikpraxis-rinteln.de\/index.php\/wp-json\/wp\/v2\/comments?post=779"}],"version-history":[{"count":6,"href":"https:\/\/kosmetikpraxis-rinteln.de\/index.php\/wp-json\/wp\/v2\/pages\/779\/revisions"}],"predecessor-version":[{"id":819,"href":"https:\/\/kosmetikpraxis-rinteln.de\/index.php\/wp-json\/wp\/v2\/pages\/779\/revisions\/819"}],"wp:attachment":[{"href":"https:\/\/kosmetikpraxis-rinteln.de\/index.php\/wp-json\/wp\/v2\/media?parent=779"}],"curies":[{"name":"wp","href":"https:\/\/api.w.org\/{rel}","templated":true}]}}